{"id":32409,"date":"2025-08-22T12:54:29","date_gmt":"2025-08-22T10:54:29","guid":{"rendered":"https:\/\/giorgiahome.it\/prodotto\/topper-4-stagioni\/"},"modified":"2025-10-11T15:52:51","modified_gmt":"2025-10-11T13:52:51","slug":"topper-4-stagioni","status":"publish","type":"product","link":"https:\/\/giorgiahome.it\/en\/prodotto\/topper-4-stagioni\/","title":{"rendered":"Topper 4 stagioni"},"content":{"rendered":"<p>Singolo 80&#215;190 | Piazza e mezza 120&#215;190 | Matrimoniale 160&#215;190<\/p>\n","protected":false},"excerpt":{"rendered":"<p>Topper Memory Foam 4 Stagioni \u2013 Altezza 5 cm | Densit\u00e0 45 kg\/m\u00b3.<br \/>\nRendi il tuo materasso ancora pi\u00f9 confortevole con il nostro topper in memory foam ad alta densit\u00e0, ideale per migliorare la qualit\u00e0 del riposo durante tutto l\u2019anno.<br \/>\nGrazie alla fodera double-face 4 stagioni, offre il massimo comfort in ogni periodo:<br \/>\n-Lato estivo in tessuto innovativo Tex Ice: fresco al tatto, traspirante e in grado di regolare l\u2019umidit\u00e0, per un riposo asciutto e piacevole anche nelle notti pi\u00f9 calde.<br \/>\n-Lato invernale in tessuto tecnico caldo e accogliente, perfetto per le stagioni fredde.<br \/>\nIl topper \u00e8 alto 5 cm e realizzato in memory foam con densit\u00e0 45 kg\/m\u00b3, per un supporto ergonomico che si adatta perfettamente alle curve del corpo, alleviando la pressione nei punti critici come spalle, schiena e fianchi.<br \/>\nFacile da utilizzare e mantenere:<br \/>\n-Cerniera perimetrale su tutti e quattro i lati, per una sfoderabilit\u00e0 completa e lavaggio comodo in casa.<br \/>\n-Quattro elastici angolari per fissarlo saldamente al materasso, evitando spostamenti durante la notte.<br \/>\nRealizzato con materiali di alta qualit\u00e0, \u00e8 la soluzione ideale per chi desidera migliorare il comfort del proprio letto senza cambiare materasso.<\/p>\n","protected":false},"featured_media":32416,"comment_status":"closed","ping_status":"closed","template":"","meta":[],"product_brand":[],"product_cat":[20],"product_tag":[],"class_list":{"0":"post-32409","1":"product","2":"type-product","3":"status-publish","4":"has-post-thumbnail","6":"product_cat-tutto","7":"pa_materiale-memory-foam","8":"pa_misura-matrimoniale","9":"pa_misura-piazza-e-mezza","10":"pa_misura-singolo","12":"first","13":"outofstock","14":"sale","15":"purchasable","16":"product-type-variable"},"_links":{"self":[{"href":"https:\/\/giorgiahome.it\/en\/wp-json\/wp\/v2\/product\/32409","targetHints":{"allow":["GET"]}}],"collection":[{"href":"https:\/\/giorgiahome.it\/en\/wp-json\/wp\/v2\/product"}],"about":[{"href":"https:\/\/giorgiahome.it\/en\/wp-json\/wp\/v2\/types\/product"}],"replies":[{"embeddable":true,"href":"https:\/\/giorgiahome.it\/en\/wp-json\/wp\/v2\/comments?post=32409"}],"version-history":[{"count":1,"href":"https:\/\/giorgiahome.it\/en\/wp-json\/wp\/v2\/product\/32409\/revisions"}],"predecessor-version":[{"id":32410,"href":"https:\/\/giorgiahome.it\/en\/wp-json\/wp\/v2\/product\/32409\/revisions\/32410"}],"wp:featuredmedia":[{"embeddable":true,"href":"https:\/\/giorgiahome.it\/en\/wp-json\/wp\/v2\/media\/32416"}],"wp:attachment":[{"href":"https:\/\/giorgiahome.it\/en\/wp-json\/wp\/v2\/media?parent=32409"}],"wp:term":[{"taxonomy":"product_brand","embeddable":true,"href":"https:\/\/giorgiahome.it\/en\/wp-json\/wp\/v2\/product_brand?post=32409"},{"taxonomy":"product_cat","embeddable":true,"href":"https:\/\/giorgiahome.it\/en\/wp-json\/wp\/v2\/product_cat?post=32409"},{"taxonomy":"product_tag","embeddable":true,"href":"https:\/\/giorgiahome.it\/en\/wp-json\/wp\/v2\/product_tag?post=32409"}],"curies":[{"name":"wp","href":"https:\/\/api.w.org\/{rel}","templated":true}]}}